{"id":1173,"date":"2022-10-24T18:04:27","date_gmt":"2022-10-24T18:04:27","guid":{"rendered":"https:\/\/janemateufoundation.org\/actualitat\/"},"modified":"2025-01-09T11:32:54","modified_gmt":"2025-01-09T11:32:54","slug":"actualitat","status":"publish","type":"page","link":"https:\/\/janemateufoundation.org\/ca\/actualitat\/","title":{"rendered":"Actualitat"},"content":{"rendered":"","protected":false},"excerpt":{"rendered":"","protected":false},"author":2,"featured_media":0,"parent":0,"menu_order":0,"comment_status":"closed","ping_status":"open","template":"template-blog-masonry.php","meta":{"footnotes":""},"class_list":["post-1173","page","type-page","status-publish","hentry","description-off"],"yoast_head":"<!-- This site is optimized with the Yoast SEO plugin v27.1.1 - https:\/\/yoast.com\/product\/yoast-seo-wordpress\/ -->\n<title>Actualitat d&#039;Investigaci\u00f3 en malalties cr\u00f2niques<\/title>\n<meta name=\"description\" content=\"Jan\u00e9 Mateu Foundation \u00e9s una organitzaci\u00f3 sense \u00e0nim de lucre, creada amb el prop\u00f2sit de contribuir a la millora de la qualitat de vida i del benestar de les persones.\" \/>\n<meta name=\"robots\" content=\"index, follow, max-snippet:-1, max-image-preview:large, max-video-preview:-1\" \/>\n<link rel=\"canonical\" href=\"https:\/\/janemateufoundation.org\/ca\/actualitat\/\" \/>\n<meta property=\"og:locale\" content=\"ca_ES\" \/>\n<meta property=\"og:type\" content=\"article\" \/>\n<meta property=\"og:title\" content=\"Actualitat d&#039;Investigaci\u00f3 en malalties cr\u00f2niques\" \/>\n<meta property=\"og:description\" content=\"Jan\u00e9 Mateu Foundation \u00e9s una organitzaci\u00f3 sense \u00e0nim de lucre, creada amb el prop\u00f2sit de contribuir a la millora de la qualitat de vida i del benestar de les persones.\" \/>\n<meta property=\"og:url\" content=\"https:\/\/janemateufoundation.org\/ca\/actualitat\/\" \/>\n<meta property=\"og:site_name\" content=\"Jan\u00e9 Mateu Foundation\" \/>\n<meta property=\"article:modified_time\" content=\"2025-01-09T11:32:54+00:00\" \/>\n<meta name=\"twitter:card\" content=\"summary_large_image\" \/>\n<script type=\"application\/ld+json\" class=\"yoast-schema-graph\">{\"@context\":\"https:\/\/schema.org\",\"@graph\":[{\"@type\":\"WebPage\",\"@id\":\"https:\/\/janemateufoundation.org\/ca\/actualitat\/\",\"url\":\"https:\/\/janemateufoundation.org\/ca\/actualitat\/\",\"name\":\"Actualitat d'Investigaci\u00f3 en malalties cr\u00f2niques\",\"isPartOf\":{\"@id\":\"https:\/\/janemateufoundation.org\/#website\"},\"datePublished\":\"2022-10-24T18:04:27+00:00\",\"dateModified\":\"2025-01-09T11:32:54+00:00\",\"description\":\"Jan\u00e9 Mateu Foundation \u00e9s una organitzaci\u00f3 sense \u00e0nim de lucre, creada amb el prop\u00f2sit de contribuir a la millora de la qualitat de vida i del benestar de les persones.\",\"breadcrumb\":{\"@id\":\"https:\/\/janemateufoundation.org\/ca\/actualitat\/#breadcrumb\"},\"inLanguage\":\"ca\",\"potentialAction\":[{\"@type\":\"ReadAction\",\"target\":[\"https:\/\/janemateufoundation.org\/ca\/actualitat\/\"]}]},{\"@type\":\"BreadcrumbList\",\"@id\":\"https:\/\/janemateufoundation.org\/ca\/actualitat\/#breadcrumb\",\"itemListElement\":[{\"@type\":\"ListItem\",\"position\":1,\"name\":\"Portada\",\"item\":\"https:\/\/janemateufoundation.org\/ca\/\"},{\"@type\":\"ListItem\",\"position\":2,\"name\":\"Actualitat\"}]},{\"@type\":\"WebSite\",\"@id\":\"https:\/\/janemateufoundation.org\/#website\",\"url\":\"https:\/\/janemateufoundation.org\/\",\"name\":\"Jan\u00e9 Mateu Foundation\",\"description\":\"Comprometidos con la salud y el bienestar\",\"potentialAction\":[{\"@type\":\"SearchAction\",\"target\":{\"@type\":\"EntryPoint\",\"urlTemplate\":\"https:\/\/janemateufoundation.org\/?s={search_term_string}\"},\"query-input\":{\"@type\":\"PropertyValueSpecification\",\"valueRequired\":true,\"valueName\":\"search_term_string\"}}],\"inLanguage\":\"ca\"}]}<\/script>\n<!-- \/ Yoast SEO plugin. -->","yoast_head_json":{"title":"Actualitat d'Investigaci\u00f3 en malalties cr\u00f2niques","description":"Jan\u00e9 Mateu Foundation \u00e9s una organitzaci\u00f3 sense \u00e0nim de lucre, creada amb el prop\u00f2sit de contribuir a la millora de la qualitat de vida i del benestar de les persones.","robots":{"index":"index","follow":"follow","max-snippet":"max-snippet:-1","max-image-preview":"max-image-preview:large","max-video-preview":"max-video-preview:-1"},"canonical":"https:\/\/janemateufoundation.org\/ca\/actualitat\/","og_locale":"ca_ES","og_type":"article","og_title":"Actualitat d'Investigaci\u00f3 en malalties cr\u00f2niques","og_description":"Jan\u00e9 Mateu Foundation \u00e9s una organitzaci\u00f3 sense \u00e0nim de lucre, creada amb el prop\u00f2sit de contribuir a la millora de la qualitat de vida i del benestar de les persones.","og_url":"https:\/\/janemateufoundation.org\/ca\/actualitat\/","og_site_name":"Jan\u00e9 Mateu Foundation","article_modified_time":"2025-01-09T11:32:54+00:00","twitter_card":"summary_large_image","schema":{"@context":"https:\/\/schema.org","@graph":[{"@type":"WebPage","@id":"https:\/\/janemateufoundation.org\/ca\/actualitat\/","url":"https:\/\/janemateufoundation.org\/ca\/actualitat\/","name":"Actualitat d'Investigaci\u00f3 en malalties cr\u00f2niques","isPartOf":{"@id":"https:\/\/janemateufoundation.org\/#website"},"datePublished":"2022-10-24T18:04:27+00:00","dateModified":"2025-01-09T11:32:54+00:00","description":"Jan\u00e9 Mateu Foundation \u00e9s una organitzaci\u00f3 sense \u00e0nim de lucre, creada amb el prop\u00f2sit de contribuir a la millora de la qualitat de vida i del benestar de les persones.","breadcrumb":{"@id":"https:\/\/janemateufoundation.org\/ca\/actualitat\/#breadcrumb"},"inLanguage":"ca","potentialAction":[{"@type":"ReadAction","target":["https:\/\/janemateufoundation.org\/ca\/actualitat\/"]}]},{"@type":"BreadcrumbList","@id":"https:\/\/janemateufoundation.org\/ca\/actualitat\/#breadcrumb","itemListElement":[{"@type":"ListItem","position":1,"name":"Portada","item":"https:\/\/janemateufoundation.org\/ca\/"},{"@type":"ListItem","position":2,"name":"Actualitat"}]},{"@type":"WebSite","@id":"https:\/\/janemateufoundation.org\/#website","url":"https:\/\/janemateufoundation.org\/","name":"Jan\u00e9 Mateu Foundation","description":"Comprometidos con la salud y el bienestar","potentialAction":[{"@type":"SearchAction","target":{"@type":"EntryPoint","urlTemplate":"https:\/\/janemateufoundation.org\/?s={search_term_string}"},"query-input":{"@type":"PropertyValueSpecification","valueRequired":true,"valueName":"search_term_string"}}],"inLanguage":"ca"}]}},"_links":{"self":[{"href":"https:\/\/janemateufoundation.org\/ca\/wp-json\/wp\/v2\/pages\/1173","targetHints":{"allow":["GET"]}}],"collection":[{"href":"https:\/\/janemateufoundation.org\/ca\/wp-json\/wp\/v2\/pages"}],"about":[{"href":"https:\/\/janemateufoundation.org\/ca\/wp-json\/wp\/v2\/types\/page"}],"author":[{"embeddable":true,"href":"https:\/\/janemateufoundation.org\/ca\/wp-json\/wp\/v2\/users\/2"}],"replies":[{"embeddable":true,"href":"https:\/\/janemateufoundation.org\/ca\/wp-json\/wp\/v2\/comments?post=1173"}],"version-history":[{"count":0,"href":"https:\/\/janemateufoundation.org\/ca\/wp-json\/wp\/v2\/pages\/1173\/revisions"}],"wp:attachment":[{"href":"https:\/\/janemateufoundation.org\/ca\/wp-json\/wp\/v2\/media?parent=1173"}],"curies":[{"name":"wp","href":"https:\/\/api.w.org\/{rel}","templated":true}]}}