{"id":837,"date":"2022-09-23T05:19:07","date_gmt":"2022-09-23T05:19:07","guid":{"rendered":"https:\/\/janemateufoundation.org\/activitats\/"},"modified":"2025-06-04T13:30:45","modified_gmt":"2025-06-04T13:30:45","slug":"activitats","status":"publish","type":"page","link":"https:\/\/janemateufoundation.org\/ca\/activitats\/","title":{"rendered":"Activitats"},"content":{"rendered":"<div class=\"wpb-content-wrapper\"><p>[vc_row bg_type=&#8221;video&#8221; video_url=&#8221;http:\/\/janemateufoundation.org\/wp-content\/uploads\/2022\/09\/Actividades.mp4&#8243; video_opts=&#8221;loop,muted&#8221; bg_override=&#8221;ex-full&#8221; enable_overlay=&#8221;enable_overlay_value&#8221; overlay_color=&#8221;rgba(0,0,0,0.6)&#8221; css=&#8221;.vc_custom_1665565233547{padding-top: 75px !important;padding-bottom: 75px !important;}&#8221; el_class=&#8221;hideonmobile&#8221;][vc_column css=&#8221;.vc_custom_1663688965230{padding-top: 40px !important;}&#8221;][vc_column_text css=&#8221;&#8221;]<\/p>\n<h1 style=\"text-align: left;\"><span style=\"color: #ffffff;\">ACTIVITATS<\/span><\/h1>\n<p>[\/vc_column_text][\/vc_column][\/vc_row][vc_row full_width=&#8221;stretch_row_content_no_spaces&#8221; el_class=&#8221;showonmobile&#8221;][vc_column][vc_raw_html css=&#8221;.vc_custom_1748959163226{margin-bottom: 0px !important;}&#8221;]JTVCY3VzdG9tdmlkZW9fc2hvcnRjb2RlJTIwc3JjJTNEJTIyJTJGJTJGamFuZW1hdGV1Zm91bmRhdGlvbi5vcmclMkZ3cC1jb250ZW50JTJGdXBsb2FkcyUyRjIwMjIlMkYxMCUyRkFDVElWSURBREVTX21vYi5tcDQlMjIlMjBjbGFzcyUzRCUyMmNhYmVjZXJhJTIyJTVEJTBBJTNDaDElM0VBQ1RJVklUQVRTJTNDJTJGaDElM0UlMEElNUIlMkZjdXN0b212aWRlb19zaG9ydGNvZGUlNUQ=[\/vc_raw_html][\/vc_column][\/vc_row][vc_row full_height=&#8221;yes&#8221; bg_type=&#8221;image&#8221; parallax_style=&#8221;vcpb-default&#8221; bg_image_new=&#8221;id^247|url^https:\/\/janemateufoundation.org\/wp-content\/uploads\/2022\/09\/bg-actividades.jpg|caption^null|alt^null|title^bg-actividades|description^null&#8221; bg_image_repeat=&#8221;no-repeat&#8221; bg_override=&#8221;ex-full&#8221;][vc_column width=&#8221;3\/12&#8243; css=&#8221;.vc_custom_1663688965230{padding-top: 40px !important;}&#8221;][\/vc_column][vc_column width=&#8221;6\/12&#8243; css=&#8221;.vc_custom_1663760360407{padding-top: 40px !important;}&#8221;][vc_column_text css=&#8221;.vc_custom_1748959815087{padding-top: 40px !important;padding-bottom: 35px !important;}&#8221;]<\/p>\n<h2 style=\"text-align: center;\"><span style=\"color: #a6123e;\">Impulsant iniciatives amb impacte real<\/span><\/h2>\n<p>&nbsp;<\/p>\n<h4 style=\"text-align: center;\"><span style=\"color: #000000;\">Per aconseguir les nostres finalitats fundacionals, realitzem un conjunt d\u2019activitats que reflecteixen el nostre comprom\u00eds amb la salut, el benestar i la sostenibilitat.<br \/>\nAlgunes de les nostres accions principals s\u00f3n:<\/span><\/h4>\n<p>[\/vc_column_text][vc_tta_pageable no_fill_content_area=&#8221;true&#8221; autoplay=&#8221;5&#8243; active_section=&#8221;1&#8243; tab_position=&#8221;top&#8221; css=&#8221;.vc_custom_1664373890828{margin-top: 40px !important;margin-bottom: 30px !important;padding-top: 20px !important;padding-right: 20px !important;padding-bottom: 20px !important;padding-left: 20px !important;background-color: #e84c88 !important;border-radius: 25px !important;}&#8221; el_class=&#8221;pasactividades&#8221;][vc_tta_section title=&#8221;Secci\u00f3n&#8221; tab_id=&#8221;1674636439735-d23816d3-da20&#8243;][vc_column_text css=&#8221;&#8221;]<\/p>\n<h3><span style=\"color: #ffffff;\">Col\u00b7laboraci\u00f3 i promoci\u00f3 d&#8217;activitats<\/span><\/h3>\n<p><span style=\"color: #000000;\"><span style=\"color: #ffffff;\">Col\u00b7laborem amb entitats i institucions en la promoci\u00f3 d\u2019activitats orientades a incrementar el benestar de les persones, especialment col\u00b7lectius vulnerables. Aquestes accions estan alineades amb els valors i objectius de la Fundaci\u00f3.<\/span><br \/>\n<\/span>[\/vc_column_text][\/vc_tta_section][vc_tta_section title=&#8221;a&#8221; tab_id=&#8221;aaa&#8221;][vc_column_text css=&#8221;&#8221;]<\/p>\n<h3><span style=\"color: #ffffff;\">Investigaci\u00f3 <strong>cient\u00edfica<\/strong><\/span><\/h3>\n<p><span style=\"color: #ffffff;\">Recolzem la investigaci\u00f3 cient\u00edfica relacionada amb l\u2019atenci\u00f3 farmac\u00e8utica, amb el comprom\u00eds de millorar el benestar de les persones i contribuir a la innovaci\u00f3 amb prop\u00f2sit en el sector a trav\u00e9s del nostre programa de beques i premis.<\/span>[\/vc_column_text][\/vc_tta_section][vc_tta_section title=&#8221;b&#8221; tab_id=&#8221;bbb&#8221;][vc_column_text css=&#8221;&#8221;]<\/p>\n<h3><span style=\"color: #ffffff;\">Divulgaci\u00f3 cient\u00edfica<\/span><\/h3>\n<p><span style=\"color: #ffffff;\">Col\u00b7laborem amb activitats de divulgaci\u00f3 cient\u00edfica i t\u00e8cnica en l\u2019\u00e0mbit de la salut, com per exemple suport a revistes i edici\u00f3 de llibres.<\/span>[\/vc_column_text][\/vc_tta_section][vc_tta_section title=&#8221;c&#8221; tab_id=&#8221;ccc&#8221;][vc_column_text css=&#8221;&#8221;]<\/p>\n<h3><span style=\"color: #ffffff;\">Donatius, donacions i aportacions<\/span><\/h3>\n<p><span style=\"color: #ffffff;\">Donatius, donacions i aportacions: Realitzem donatius i aportacions a altres entitats sense \u00e0nim de lucre, aix\u00ed com ajuts per a projectes i activitats que contribueixin als objectius de la Fundaci\u00f3.<\/span>[\/vc_column_text][\/vc_tta_section][vc_tta_section title=&#8221;d&#8221; tab_id=&#8221;ddd&#8221;][vc_column_text css=&#8221;&#8221;]<\/p>\n<h3><span style=\"color: #ffffff;\">Suport a fills\/es amb discapacitat dels empleats del grup<\/span><\/h3>\n<p><span style=\"color: #ffffff;\">Concedim ajudes especials als empleats del grup STE que tinguin fills amb discapacitat que necessitin atenci\u00f3 especialitzada. Aquest pla d\u2019empresa ofereix ajudes per cobrir tractaments, rehabilitaci\u00f3, educaci\u00f3 especial, transport o cures generals.<\/span>[\/vc_column_text][\/vc_tta_section][\/vc_tta_pageable][vc_column_text css=&#8221;.vc_custom_1674636609664{padding-bottom: 60px !important;}&#8221;][\/vc_column_text][\/vc_column][vc_column width=&#8221;3\/12&#8243;][\/vc_column][\/vc_row]<\/p>\n<\/div>","protected":false},"excerpt":{"rendered":"<p>[vc_row bg_type=&#8221;video&#8221; video_url=&#8221;http:\/\/janemateufoundation.org\/wp-content\/uploads\/2022\/09\/Actividades.mp4&#8243; video_opts=&#8221;loop,muted&#8221; bg_override=&#8221;ex-full&#8221; enable_overlay=&#8221;enable_overlay_value&#8221; overlay_color=&#8221;rgba(0,0,0,0.6)&#8221; css=&#8221;.vc_custom_1665565233547{padding-top: 75px !important;padding-bottom: 75px !important;}&#8221; el_class=&#8221;hideonmobile&#8221;][vc_column css=&#8221;.vc_custom_1663688965230{padding-top: 40px !important;}&#8221;][vc_column_text css=&#8221;&#8221;] ACTIVITATS [\/vc_column_text][\/vc_column][\/vc_row][vc_row full_width=&#8221;stretch_row_content_no_spaces&#8221; el_class=&#8221;showonmobile&#8221;][vc_column][vc_raw_html css=&#8221;.vc_custom_1748959163226{margin-bottom: 0px !important;}&#8221;]JTVCY3VzdG9tdmlkZW9fc2hvcnRjb2RlJTIwc3JjJTNEJTIyJTJGJTJGamFuZW1hdGV1Zm91bmRhdGlvbi5vcmclMkZ3cC1jb250ZW50JTJGdXBsb2FkcyUyRjIwMjIlMkYxMCUyRkFDVElWSURBREVTX21vYi5tcDQlMjIlMjBjbGFzcyUzRCUyMmNhYmVjZXJhJTIyJTVEJTBBJTNDaDElM0VBQ1RJVklUQVRTJTNDJTJGaDElM0UlMEElNUIlMkZjdXN0b212aWRlb19zaG9ydGNvZGUlNUQ=[\/vc_raw_html][\/vc_column][\/vc_row][vc_row full_height=&#8221;yes&#8221; bg_type=&#8221;image&#8221; parallax_style=&#8221;vcpb-default&#8221; bg_image_new=&#8221;id^247|url^https:\/\/janemateufoundation.org\/wp-content\/uploads\/2022\/09\/bg-actividades.jpg|caption^null|alt^null|title^bg-actividades|description^null&#8221; bg_image_repeat=&#8221;no-repeat&#8221; bg_override=&#8221;ex-full&#8221;][vc_column width=&#8221;3\/12&#8243; css=&#8221;.vc_custom_1663688965230{padding-top: 40px !important;}&#8221;][\/vc_column][vc_column width=&#8221;6\/12&#8243; css=&#8221;.vc_custom_1663760360407{padding-top: 40px !important;}&#8221;][vc_column_text css=&#8221;.vc_custom_1748959815087{padding-top: 40px !important;padding-bottom: 35px !important;}&#8221;] Impulsant iniciatives amb impacte real &nbsp; Per aconseguir les nostres finalitats fundacionals,&hellip;<\/p>\n","protected":false},"author":2,"featured_media":0,"parent":0,"menu_order":0,"comment_status":"closed","ping_status":"open","template":"template-microsite.php","meta":{"footnotes":""},"class_list":["post-837","page","type-page","status-publish","hentry","description-off"],"yoast_head":"<!-- This site is optimized with the Yoast SEO plugin v27.4 - https:\/\/yoast.com\/product\/yoast-seo-wordpress\/ -->\n<title>Activitats d&#039;Investigaci\u00f3 m\u00e8dica a Barcelona<\/title>\n<meta name=\"description\" content=\"Jan\u00e9 Mateu Foundation \u00e9s una organitzaci\u00f3 sense \u00e0nim de lucre, creada amb el prop\u00f2sit de contribuir a la millora de la qualitat de vida i del benestar de les persones.\" \/>\n<meta name=\"robots\" content=\"index, follow, max-snippet:-1, max-image-preview:large, max-video-preview:-1\" \/>\n<link rel=\"canonical\" href=\"https:\/\/janemateufoundation.org\/ca\/activitats\/\" \/>\n<meta property=\"og:locale\" content=\"ca_ES\" \/>\n<meta property=\"og:type\" content=\"article\" \/>\n<meta property=\"og:title\" content=\"Activitats d&#039;Investigaci\u00f3 m\u00e8dica a Barcelona\" \/>\n<meta property=\"og:description\" content=\"Jan\u00e9 Mateu Foundation \u00e9s una organitzaci\u00f3 sense \u00e0nim de lucre, creada amb el prop\u00f2sit de contribuir a la millora de la qualitat de vida i del benestar de les persones.\" \/>\n<meta property=\"og:url\" content=\"https:\/\/janemateufoundation.org\/ca\/activitats\/\" \/>\n<meta property=\"og:site_name\" content=\"Jan\u00e9 Mateu Foundation\" \/>\n<meta property=\"article:modified_time\" content=\"2025-06-04T13:30:45+00:00\" \/>\n<meta name=\"twitter:card\" content=\"summary_large_image\" \/>\n<meta name=\"twitter:label1\" content=\"Temps estimat de lectura\" \/>\n\t<meta name=\"twitter:data1\" content=\"2 minuts\" \/>\n<script type=\"application\/ld+json\" class=\"yoast-schema-graph\">{\"@context\":\"https:\\\/\\\/schema.org\",\"@graph\":[{\"@type\":\"WebPage\",\"@id\":\"https:\\\/\\\/janemateufoundation.org\\\/ca\\\/activitats\\\/\",\"url\":\"https:\\\/\\\/janemateufoundation.org\\\/ca\\\/activitats\\\/\",\"name\":\"Activitats d'Investigaci\u00f3 m\u00e8dica a Barcelona\",\"isPartOf\":{\"@id\":\"https:\\\/\\\/janemateufoundation.org\\\/#website\"},\"datePublished\":\"2022-09-23T05:19:07+00:00\",\"dateModified\":\"2025-06-04T13:30:45+00:00\",\"description\":\"Jan\u00e9 Mateu Foundation \u00e9s una organitzaci\u00f3 sense \u00e0nim de lucre, creada amb el prop\u00f2sit de contribuir a la millora de la qualitat de vida i del benestar de les persones.\",\"breadcrumb\":{\"@id\":\"https:\\\/\\\/janemateufoundation.org\\\/ca\\\/activitats\\\/#breadcrumb\"},\"inLanguage\":\"ca\",\"potentialAction\":[{\"@type\":\"ReadAction\",\"target\":[\"https:\\\/\\\/janemateufoundation.org\\\/ca\\\/activitats\\\/\"]}]},{\"@type\":\"BreadcrumbList\",\"@id\":\"https:\\\/\\\/janemateufoundation.org\\\/ca\\\/activitats\\\/#breadcrumb\",\"itemListElement\":[{\"@type\":\"ListItem\",\"position\":1,\"name\":\"Portada\",\"item\":\"https:\\\/\\\/janemateufoundation.org\\\/ca\\\/\"},{\"@type\":\"ListItem\",\"position\":2,\"name\":\"Activitats\"}]},{\"@type\":\"WebSite\",\"@id\":\"https:\\\/\\\/janemateufoundation.org\\\/#website\",\"url\":\"https:\\\/\\\/janemateufoundation.org\\\/\",\"name\":\"Jan\u00e9 Mateu Foundation\",\"description\":\"Comprometidos con la salud y el bienestar\",\"potentialAction\":[{\"@type\":\"SearchAction\",\"target\":{\"@type\":\"EntryPoint\",\"urlTemplate\":\"https:\\\/\\\/janemateufoundation.org\\\/?s={search_term_string}\"},\"query-input\":{\"@type\":\"PropertyValueSpecification\",\"valueRequired\":true,\"valueName\":\"search_term_string\"}}],\"inLanguage\":\"ca\"}]}<\/script>\n<!-- \/ Yoast SEO plugin. -->","yoast_head_json":{"title":"Activitats d'Investigaci\u00f3 m\u00e8dica a Barcelona","description":"Jan\u00e9 Mateu Foundation \u00e9s una organitzaci\u00f3 sense \u00e0nim de lucre, creada amb el prop\u00f2sit de contribuir a la millora de la qualitat de vida i del benestar de les persones.","robots":{"index":"index","follow":"follow","max-snippet":"max-snippet:-1","max-image-preview":"max-image-preview:large","max-video-preview":"max-video-preview:-1"},"canonical":"https:\/\/janemateufoundation.org\/ca\/activitats\/","og_locale":"ca_ES","og_type":"article","og_title":"Activitats d'Investigaci\u00f3 m\u00e8dica a Barcelona","og_description":"Jan\u00e9 Mateu Foundation \u00e9s una organitzaci\u00f3 sense \u00e0nim de lucre, creada amb el prop\u00f2sit de contribuir a la millora de la qualitat de vida i del benestar de les persones.","og_url":"https:\/\/janemateufoundation.org\/ca\/activitats\/","og_site_name":"Jan\u00e9 Mateu Foundation","article_modified_time":"2025-06-04T13:30:45+00:00","twitter_card":"summary_large_image","twitter_misc":{"Temps estimat de lectura":"2 minuts"},"schema":{"@context":"https:\/\/schema.org","@graph":[{"@type":"WebPage","@id":"https:\/\/janemateufoundation.org\/ca\/activitats\/","url":"https:\/\/janemateufoundation.org\/ca\/activitats\/","name":"Activitats d'Investigaci\u00f3 m\u00e8dica a Barcelona","isPartOf":{"@id":"https:\/\/janemateufoundation.org\/#website"},"datePublished":"2022-09-23T05:19:07+00:00","dateModified":"2025-06-04T13:30:45+00:00","description":"Jan\u00e9 Mateu Foundation \u00e9s una organitzaci\u00f3 sense \u00e0nim de lucre, creada amb el prop\u00f2sit de contribuir a la millora de la qualitat de vida i del benestar de les persones.","breadcrumb":{"@id":"https:\/\/janemateufoundation.org\/ca\/activitats\/#breadcrumb"},"inLanguage":"ca","potentialAction":[{"@type":"ReadAction","target":["https:\/\/janemateufoundation.org\/ca\/activitats\/"]}]},{"@type":"BreadcrumbList","@id":"https:\/\/janemateufoundation.org\/ca\/activitats\/#breadcrumb","itemListElement":[{"@type":"ListItem","position":1,"name":"Portada","item":"https:\/\/janemateufoundation.org\/ca\/"},{"@type":"ListItem","position":2,"name":"Activitats"}]},{"@type":"WebSite","@id":"https:\/\/janemateufoundation.org\/#website","url":"https:\/\/janemateufoundation.org\/","name":"Jan\u00e9 Mateu Foundation","description":"Comprometidos con la salud y el bienestar","potentialAction":[{"@type":"SearchAction","target":{"@type":"EntryPoint","urlTemplate":"https:\/\/janemateufoundation.org\/?s={search_term_string}"},"query-input":{"@type":"PropertyValueSpecification","valueRequired":true,"valueName":"search_term_string"}}],"inLanguage":"ca"}]}},"_links":{"self":[{"href":"https:\/\/janemateufoundation.org\/ca\/wp-json\/wp\/v2\/pages\/837","targetHints":{"allow":["GET"]}}],"collection":[{"href":"https:\/\/janemateufoundation.org\/ca\/wp-json\/wp\/v2\/pages"}],"about":[{"href":"https:\/\/janemateufoundation.org\/ca\/wp-json\/wp\/v2\/types\/page"}],"author":[{"embeddable":true,"href":"https:\/\/janemateufoundation.org\/ca\/wp-json\/wp\/v2\/users\/2"}],"replies":[{"embeddable":true,"href":"https:\/\/janemateufoundation.org\/ca\/wp-json\/wp\/v2\/comments?post=837"}],"version-history":[{"count":12,"href":"https:\/\/janemateufoundation.org\/ca\/wp-json\/wp\/v2\/pages\/837\/revisions"}],"predecessor-version":[{"id":2494,"href":"https:\/\/janemateufoundation.org\/ca\/wp-json\/wp\/v2\/pages\/837\/revisions\/2494"}],"wp:attachment":[{"href":"https:\/\/janemateufoundation.org\/ca\/wp-json\/wp\/v2\/media?parent=837"}],"curies":[{"name":"wp","href":"https:\/\/api.w.org\/{rel}","templated":true}]}}